{"id":693,"date":"2018-06-30T12:57:09","date_gmt":"2018-06-30T10:57:09","guid":{"rendered":"https:\/\/selecthotels.de\/?page_id=693"},"modified":"2024-12-02T21:05:52","modified_gmt":"2024-12-02T20:05:52","slug":"home","status":"publish","type":"page","link":"http:\/\/selecthotels.de\/en\/","title":{"rendered":"Home"},"content":{"rendered":"<div class=\"wdp_hero\"><img decoding=\"async\" src=\"\/wp-content\/uploads\/2018\/05\/banner_new.jpg\" \/><\/div>\n<section class=\"welcomesec\">\n<h1>Welcome to the Select Hotels in M\u00f6nchengladbach and D\u00fcsseldorf!<\/h1>\n<p>The Select Hotel chain consists at present of two hotels in M\u00f6nchengladbach and one hotel in D\u00fcsseldorf-Stadtmitte. Enjoy the appealing atmosphere and friendly service that we offer to private guests as well as to business travelers. We wish you a pleasant stay and welcome you to Select Hotels!<\/p>\n<\/section>\n<section class=\"hotelssec px-4\">\n<div class=\"row\">\n<div class=\"col-md-4\">\n<div class=\"wdp_card\">\n<p><img decoding=\"async\" class=\"card-img-top\" src=\"\/wp-content\/uploads\/2018\/07\/00002.jpg\" alt=\"Hotel Select\" \/><\/p>\n<div class=\"row no-gutters\">\n<div class=\"col align-self-top\"><\/div>\n<div class=\"col-auto align-self-center\">\n<h3 class=\"hoteltitle\"><i class=\"fas fa-map-marker-alt\"><\/i>Hotel Select<\/h3>\n<\/div>\n<div class=\"col-auto align-self-center\"><span class=\"stars\"><i class=\"fas fa-star\"><\/i><i class=\"fas fa-star\"><\/i><i class=\"fas fa-star\"><\/i><br \/>\n<\/span><\/div>\n<div class=\"col align-self-top\"><\/div>\n<\/div>\n<div class=\"row no-gutters\">\n<div class=\"col-12\">\n<p class=\"text-center mb-0\">Ludwigstr. 3, 41061 M\u00f6nchengladbach<\/p>\n<\/div>\n<div class=\"col-12\">\n<p class=\"text-center mb-1\"><i class=\"fas fa-phone mr-2\"><\/i>+49 (0) 2161-468420<\/p>\n<p class=\"text-center\"><i class=\"fas fa-envelope mr-2\"><\/i>select@hotel-select.de<\/p>\n<\/div>\n<\/div>\n<\/div>\n<p>&nbsp;<\/p>\n<\/div>\n<div class=\"col-md-4\">\n<div class=\"wdp_card\">\n<p><img decoding=\"async\" class=\"card-img-top\" src=\"\/wp-content\/uploads\/2018\/07\/00001.jpg\" alt=\"Select Suites &amp; Aparts\" \/><\/p>\n<div class=\"row no-gutters\">\n<div class=\"col align-self-top\"><\/div>\n<div class=\"col-auto align-self-center\">\n<h3 class=\"hoteltitle\"><i class=\"fas fa-map-marker-alt\"><\/i>Select Suites &amp; Aparts<\/h3>\n<\/div>\n<div class=\"col align-self-top\"><\/div>\n<\/div>\n<div class=\"row no-gutters\">\n<div class=\"col-12\">\n<p class=\"text-center mb-0\">Pescherstra\u00dfe 152, 41065 M\u00f6nchengladbach<\/p>\n<\/div>\n<div class=\"col-12\">\n<p class=\"text-center mb-1\"><i class=\"fas fa-phone mr-2\"><\/i>+49 (0) 2161-4079760<\/p>\n<p class=\"text-center\"><i class=\"fas fa-envelope mr-2\"><\/i>selectapart@hotel-select.de<\/p>\n<\/div>\n<\/div>\n<\/div>\n<p>&nbsp;<\/p>\n<\/div>\n<div class=\"col-md-4\">\n<div class=\"wdp_card\">\n<p><img loading=\"lazy\" decoding=\"async\" class=\"alignnone  wp-image-1002\" src=\"https:\/\/selecthotels.de\/wp-content\/uploads\/2023\/12\/dd013-300x300.jpg\" alt=\"\" width=\"603\" height=\"603\" srcset=\"http:\/\/selecthotels.de\/wp-content\/uploads\/2023\/12\/dd013-300x300.jpg 300w, http:\/\/selecthotels.de\/wp-content\/uploads\/2023\/12\/dd013-150x150.jpg 150w, http:\/\/selecthotels.de\/wp-content\/uploads\/2023\/12\/dd013.jpg 605w\" sizes=\"auto, (max-width: 603px) 100vw, 603px\" \/><\/p>\n<div class=\"row no-gutters\">\n<div class=\"col align-self-top\"><\/div>\n<div class=\"col-auto align-self-center\">\n<h3 class=\"hoteltitle\"><i class=\"fas fa-map-marker-alt\"><\/i>Hotel PALM PREMIUM<\/h3>\n<\/div>\n<div class=\"col align-self-top\"><\/div>\n<\/div>\n<div class=\"row no-gutters\">\n<div class=\"col-12\">\n<p class=\"text-center mb-0\">Karlstra\u00dfe 4, 40210 D\u00fcsseldorf<\/p>\n<\/div>\n<div class=\"col-12\">\n<p class=\"text-center mb-1\"><i class=\"fas fa-phone mr-2\"><\/i>+49 (0) 211 \u2013 177 600<\/p>\n<p class=\"text-center\"><i class=\"fas fa-envelope mr-2\"><\/i>palmpremium@palmpremium.de<\/p>\n<\/div>\n<\/div>\n<\/div>\n<p>&nbsp;<\/p>\n<\/div>\n<\/div>\n<\/section>\n<section class=\"booksec\">\n<div class=\"row px-md-5 px-2\">\n<div class=\"col-md-6\">\n<h2>Book online now!<\/h2>\n<\/div>\n<div class=\"col-md-6\">\n<div class=\"input-group\"><select id=\"selecthotel\" class=\"form-control\"><option>Select a hotel<\/option><option value=\"hotelselect\">Hotel Select<\/option><option value=\"suitesaparts\">Select Suites &amp; Aparts<\/option><\/select><br \/>\n<a id=\"bookbutton\" class=\"btn btn-primary\"><\/a>Book<\/div>\n<\/div>\n<\/div>\n<\/section>\n<section class=\"servicesec\">\n<h2>Our hotels offer the following services to our guests:<\/h2>\n<div class=\"row px-4\">\n<div class=\"col-md-2\">\n<p>&nbsp;<\/p>\n<h4>Free Wi-Fi<\/h4>\n<\/div>\n<div class=\"col-md-2\">\n<p>&nbsp;<\/p>\n<h4>Close to city centre<\/h4>\n<\/div>\n<div class=\"col-md-2\">\n<p><img decoding=\"async\" src=\"\/wp-content\/uploads\/2018\/05\/parking-sign-1.png\" \/><\/p>\n<h4>Hotel own parking places<\/h4>\n<\/div>\n<div class=\"col-md-2\">\n<p><img decoding=\"async\" src=\"\/wp-content\/uploads\/2018\/05\/breakfast-time.png\" \/><\/p>\n<h4>Breakfast<\/h4>\n<\/div>\n<div class=\"col-md-2\">\n<p>&nbsp;<\/p>\n<h4>Comfortable rooms<\/h4>\n<\/div>\n<div class=\"col-md-2\">\n<p><img decoding=\"async\" src=\"\/wp-content\/uploads\/2018\/04\/nichtraucher.png\" \/><\/p>\n<h4>Non smoking<\/h4>\n<\/div>\n<\/div>\n<\/section>\n<style>.entry-title{display:none;}<\/style>\n","protected":false},"excerpt":{"rendered":"<p>Welcome to the Select Hotels in M\u00f6nchengladbach and D\u00fcsseldorf! The Select Hotel chain consists at present of two hotels in M\u00f6nchengladbach and one hotel in D\u00fcsseldorf-Stadtmitte. Enjoy the appealing atmosphere and friendly service that we offer to private guests as well as to business travelers. We wish you a pleasant stay and welcome you to [&hellip;]<\/p>\n","protected":false},"author":5,"featured_media":0,"parent":0,"menu_order":0,"comment_status":"closed","ping_status":"closed","template":"fullwidth.php","meta":{"_themeisle_gutenberg_block_has_review":false,"footnotes":""},"class_list":["post-693","page","type-page","status-publish","hentry"],"_links":{"self":[{"href":"http:\/\/selecthotels.de\/en\/wp-json\/wp\/v2\/pages\/693","targetHints":{"allow":["GET"]}}],"collection":[{"href":"http:\/\/selecthotels.de\/en\/wp-json\/wp\/v2\/pages"}],"about":[{"href":"http:\/\/selecthotels.de\/en\/wp-json\/wp\/v2\/types\/page"}],"author":[{"embeddable":true,"href":"http:\/\/selecthotels.de\/en\/wp-json\/wp\/v2\/users\/5"}],"replies":[{"embeddable":true,"href":"http:\/\/selecthotels.de\/en\/wp-json\/wp\/v2\/comments?post=693"}],"version-history":[{"count":22,"href":"http:\/\/selecthotels.de\/en\/wp-json\/wp\/v2\/pages\/693\/revisions"}],"predecessor-version":[{"id":1004,"href":"http:\/\/selecthotels.de\/en\/wp-json\/wp\/v2\/pages\/693\/revisions\/1004"}],"wp:attachment":[{"href":"http:\/\/selecthotels.de\/en\/wp-json\/wp\/v2\/media?parent=693"}],"curies":[{"name":"wp","href":"https:\/\/api.w.org\/{rel}","templated":true}]}}